{"id":19,"date":"2014-08-27T08:31:33","date_gmt":"2014-08-27T08:31:33","guid":{"rendered":"http:\/\/www.cryptobackup.es\/?page_id=19"},"modified":"2021-02-18T10:41:35","modified_gmt":"2021-02-18T10:41:35","slug":"prueba-gratis","status":"publish","type":"page","link":"http:\/\/www.cryptobackup.es\/?page_id=19","title":{"rendered":"PRUEBA GRATIS"},"content":{"rendered":"<p>Estamos tan convencidos&nbsp;de Crypto Backup, que \u00a1te REGALAMOS un mes con un Giga!<\/p>\n<p>Despu\u00e9s de registrarte, puedes instalar el software y disfrutar la seguridad.&nbsp;<a href=\"http:\/\/backup01.rma-g.de\/\">Reg\u00edstrate aqu\u00ed \u2013 \u00a1es GRATIS!<\/a><\/p>\n<p>Despu\u00e9s de tu mes de prueba puedes decidir si quieres seguir con un contrato o no. Aqu\u00ed puedes ver&nbsp;<a href=\"http:\/\/www.cryptobackup.es\/?page_id=22\">nuestros precios y condiciones<\/a>, despu\u00e9s del&nbsp;<a href=\"http:\/\/www.cryptobackup.es\/?page_id=19\">per\u00edodo gratis<\/a>.<\/p>\n<p><a style=\"font-weight: inherit; font-style: inherit;\" title=\"Installer\" href=\"http:\/\/cryptobackup.com.mx\/wp-content\/uploads\/2014\/07\/obm-win.exe\" target=\"_blank\" rel=\"noopener\">Installer WIN<\/a><\/p>\n","protected":false},"excerpt":{"rendered":"<p>Estamos tan convencidos&nbsp;de Crypto Backup, que \u00a1te REGALAMOS un mes con un Giga! Despu\u00e9s de registrarte, puedes instalar el software y disfrutar la seguridad.&nbsp;Reg\u00edstrate aqu\u00ed \u2013 \u00a1es GRATIS! Despu\u00e9s de tu mes de prueba puedes decidir si quieres seguir con un contrato o no. Aqu\u00ed puedes ver&nbsp;nuestros precios y condiciones, despu\u00e9s del&nbsp;per\u00edodo gratis. Installer WIN<\/p>\n","protected":false},"author":1,"featured_media":0,"parent":0,"menu_order":4,"comment_status":"closed","ping_status":"open","template":"","meta":{"footnotes":""},"class_list":["post-19","page","type-page","status-publish","hentry"],"_links":{"self":[{"href":"http:\/\/www.cryptobackup.es\/index.php?rest_route=\/wp\/v2\/pages\/19","targetHints":{"allow":["GET"]}}],"collection":[{"href":"http:\/\/www.cryptobackup.es\/index.php?rest_route=\/wp\/v2\/pages"}],"about":[{"href":"http:\/\/www.cryptobackup.es\/index.php?rest_route=\/wp\/v2\/types\/page"}],"author":[{"embeddable":true,"href":"http:\/\/www.cryptobackup.es\/index.php?rest_route=\/wp\/v2\/users\/1"}],"replies":[{"embeddable":true,"href":"http:\/\/www.cryptobackup.es\/index.php?rest_route=%2Fwp%2Fv2%2Fcomments&post=19"}],"version-history":[{"count":5,"href":"http:\/\/www.cryptobackup.es\/index.php?rest_route=\/wp\/v2\/pages\/19\/revisions"}],"predecessor-version":[{"id":48,"href":"http:\/\/www.cryptobackup.es\/index.php?rest_route=\/wp\/v2\/pages\/19\/revisions\/48"}],"wp:attachment":[{"href":"http:\/\/www.cryptobackup.es\/index.php?rest_route=%2Fwp%2Fv2%2Fmedia&parent=19"}],"curies":[{"name":"wp","href":"https:\/\/api.w.org\/{rel}","templated":true}]}}