{"id":13,"date":"2014-08-27T08:27:46","date_gmt":"2014-08-27T08:27:46","guid":{"rendered":"http:\/\/www.cryptobackup.es\/?page_id=13"},"modified":"2021-02-18T10:40:39","modified_gmt":"2021-02-18T10:40:39","slug":"sobre-nosotros","status":"publish","type":"page","link":"http:\/\/www.cryptobackup.es\/?page_id=13","title":{"rendered":"SOBRE NOSOTROS"},"content":{"rendered":"<p><a style=\"font-weight: inherit; font-style: inherit;\" href=\"http:\/\/cryptobackup.com.mx\/wp-content\/uploads\/2014\/06\/logo_transatlantica.jpg\"><img loading=\"lazy\" decoding=\"async\" class=\"alignright wp-image-36 size-medium\" src=\"http:\/\/cryptobackup.com.mx\/wp-content\/uploads\/2014\/06\/logo_transatlantica-300x73.jpg\" alt=\"logo_transatlantica\" width=\"300\" height=\"73\"><\/a><span style=\"font-weight: bold; font-style: inherit;\">Transatl\u00e1ntica<\/span><br \/>\nMonterrey<br \/>\nNuevo Le\u00f3n,<br \/>\nM\u00e9xico<\/p>\n<ul>\n<li style=\"font-weight: inherit; font-style: inherit;\">Fundado en 2013<\/li>\n<li style=\"font-weight: inherit; font-style: inherit;\">Experiencia en soluciones de TI desde 1998<\/li>\n<li style=\"font-weight: inherit; font-style: inherit;\">Consultor\u00eda para empresas mexicanas con soluciones de Alemania y para empresas alemanas que quieren entrar en el mercado de M\u00e9xico<\/li>\n<\/ul>\n<p>&nbsp;<\/p>\n<p><span style=\"font-weight: bold; font-style: inherit;\"><a style=\"font-weight: inherit; font-style: inherit;\" href=\"http:\/\/cryptobackup.com.mx\/wp-content\/uploads\/2014\/06\/logo_vertumno.jpg\"><img loading=\"lazy\" decoding=\"async\" class=\"alignright wp-image-37 size-medium\" src=\"http:\/\/cryptobackup.com.mx\/wp-content\/uploads\/2014\/06\/logo_vertumno-300x59.jpg\" alt=\"Web\" width=\"300\" height=\"59\"><\/a>Vertumno<\/span><br \/>\nMainz,<br \/>\nRegi\u00f3n Renania-Palatinado,<br \/>\nAlemania<\/p>\n<ul>\n<li style=\"font-weight: inherit; font-style: inherit;\">Experiencia en Remote Backup desde 2006<\/li>\n<li style=\"font-weight: inherit; font-style: inherit;\">Focus en empresas medianas y grandes<\/li>\n<li style=\"font-weight: inherit; font-style: inherit;\">Focus en soluciones de seguridad de TI, automatizaci\u00f3n y eficiencia<\/li>\n<li style=\"font-weight: inherit; font-style: inherit;\">Normas: ISO 9001, ISO 27001, Ley Alemana de Protecci\u00f3n de Datos<\/li>\n<\/ul>\n<p>&nbsp;<\/p>\n<p>En Alemania y todo el mundo ya se usa mucho nuestro Crypto Backup \u2013 \u00a1<span style=\"font-weight: bold; font-style: inherit;\">aprox. 5,000,000 usuarios conf\u00edan en el software<\/span>&nbsp;que usamos!<\/p>\n<p><span style=\"font-weight: bold; font-style: inherit;\">\u00a1S\u00e9 parte de esta comunidad!<\/span><a href=\"http:\/\/www.cryptobackup.es\/?page_id=19\">&nbsp;<span style=\"font-weight: bold; font-style: inherit;\">Pru\u00e9balo hoy \u2013 \u00a1es gratis!<\/span><\/a><\/p>\n","protected":false},"excerpt":{"rendered":"<p>Transatl\u00e1ntica Monterrey Nuevo Le\u00f3n, M\u00e9xico Fundado en 2013 Experiencia en soluciones de TI desde 1998 Consultor\u00eda para empresas mexicanas con soluciones de Alemania y para empresas alemanas que quieren entrar en el mercado de M\u00e9xico &nbsp; Vertumno Mainz, Regi\u00f3n Renania-Palatinado, Alemania Experiencia en Remote Backup desde 2006 Focus en empresas medianas y grandes Focus en &hellip; <a href=\"http:\/\/www.cryptobackup.es\/?page_id=13\" class=\"more-link\"><span class=\"screen-reader-text\">SOBRE NOSOTROS<\/span> weiterlesen <span class=\"meta-nav\">&rarr;<\/span><\/a><\/p>\n","protected":false},"author":1,"featured_media":0,"parent":0,"menu_order":1,"comment_status":"closed","ping_status":"open","template":"","meta":{"footnotes":""},"class_list":["post-13","page","type-page","status-publish","hentry"],"_links":{"self":[{"href":"http:\/\/www.cryptobackup.es\/index.php?rest_route=\/wp\/v2\/pages\/13","targetHints":{"allow":["GET"]}}],"collection":[{"href":"http:\/\/www.cryptobackup.es\/index.php?rest_route=\/wp\/v2\/pages"}],"about":[{"href":"http:\/\/www.cryptobackup.es\/index.php?rest_route=\/wp\/v2\/types\/page"}],"author":[{"embeddable":true,"href":"http:\/\/www.cryptobackup.es\/index.php?rest_route=\/wp\/v2\/users\/1"}],"replies":[{"embeddable":true,"href":"http:\/\/www.cryptobackup.es\/index.php?rest_route=%2Fwp%2Fv2%2Fcomments&post=13"}],"version-history":[{"count":3,"href":"http:\/\/www.cryptobackup.es\/index.php?rest_route=\/wp\/v2\/pages\/13\/revisions"}],"predecessor-version":[{"id":46,"href":"http:\/\/www.cryptobackup.es\/index.php?rest_route=\/wp\/v2\/pages\/13\/revisions\/46"}],"wp:attachment":[{"href":"http:\/\/www.cryptobackup.es\/index.php?rest_route=%2Fwp%2Fv2%2Fmedia&parent=13"}],"curies":[{"name":"wp","href":"https:\/\/api.w.org\/{rel}","templated":true}]}}