{"id":10,"date":"2014-08-27T08:25:23","date_gmt":"2014-08-27T08:25:23","guid":{"rendered":"http:\/\/www.cryptobackup.es\/?page_id=10"},"modified":"2021-02-18T10:40:28","modified_gmt":"2021-02-18T10:40:28","slug":"inicio-2","status":"publish","type":"page","link":"http:\/\/www.cryptobackup.es\/","title":{"rendered":"INICIO"},"content":{"rendered":"<p>Un sistema de Backup Remote es&nbsp;<span style=\"font-weight: bold; font-style: inherit;\">la \u00fanica soluci\u00f3n<\/span>&nbsp;que&nbsp;<span style=\"font-weight: bold; font-style: inherit;\">protege tus datos<\/span>&nbsp;importantes&nbsp;<span style=\"font-weight: bold; font-style: inherit;\">contra una p\u00e9rdida<\/span>&nbsp;en una ocasi\u00f3n como<\/p>\n<ul>\n<li style=\"font-weight: inherit; font-style: inherit;\">Incendio<\/li>\n<li style=\"font-weight: inherit; font-style: inherit;\">Robo \/ vandalismo<\/li>\n<li style=\"font-weight: inherit; font-style: inherit;\">Manipulaci\u00f3n por empleados<\/li>\n<li style=\"font-weight: inherit; font-style: inherit;\">Aver\u00eda<\/li>\n<li style=\"font-weight: inherit; font-style: inherit;\">Desastre natural<\/li>\n<\/ul>\n<p><a style=\"font-weight: inherit; font-style: inherit;\" href=\"http:\/\/cryptobackup.com.mx\/wp-content\/uploads\/2014\/06\/2014-06-28-Remote-Backup-General-Web.png\"><img loading=\"lazy\" decoding=\"async\" class=\"alignnone wp-image-30 size-large\" src=\"http:\/\/cryptobackup.com.mx\/wp-content\/uploads\/2014\/06\/2014-06-28-Remote-Backup-General-Web-1024x420.png\" alt=\"Remote Backup General\" width=\"474\" height=\"194\"><\/a><\/p>\n<p>Adem\u00e1s, es una opci\u00f3n muy econ\u00f3mica, porque ya no se necesita infraestructura, mantenimiento o software para tu Backup \u2013 todo est\u00e1 incluido a un precio bajo mensual.<\/p>\n<p><a href=\"http:\/\/www.cryptobackup.es\/?page_id=19\"><span style=\"font-weight: bold; font-style: inherit;\">Pru\u00e9balo hoy \u2013 \u00a1es gratis!<\/span><\/a><\/p>\n<h1>\u00bfSab\u00edas que\u2026?<\/h1>\n<p>La p\u00e9rdida de datos es asegurable con nuestra soluci\u00f3n (opci\u00f3n). Si pierdes datos, aunque tuvieras un backup de estos datos, te pagan el da\u00f1o, que resulte de esta p\u00e9rdida.<\/p>\n<p>Un seguro contra da\u00f1os electr\u00f3nicos es m\u00e1s barato con nuestra soluci\u00f3n.<\/p>\n<p>Ya no tienes ninguna necesidad de infraestructura para el backup con gastos adicionales \u2013 pagas c\u00f3modamente una cuota econ\u00f3mica mensual.<\/p>\n<p style=\"text-align: right;\">\u00a1\u2026 simple, seguro y c\u00f3modo!<\/p>\n<p><a href=\"http:\/\/www.cryptobackup.es\/?page_id=19\"><span style=\"font-weight: bold; font-style: inherit;\">Pru\u00e9balo hoy \u2013 \u00a1es gratis!<\/span><\/a><\/p>\n","protected":false},"excerpt":{"rendered":"<p>Un sistema de Backup Remote es&nbsp;la \u00fanica soluci\u00f3n&nbsp;que&nbsp;protege tus datos&nbsp;importantes&nbsp;contra una p\u00e9rdida&nbsp;en una ocasi\u00f3n como Incendio Robo \/ vandalismo Manipulaci\u00f3n por empleados Aver\u00eda Desastre natural Adem\u00e1s, es una opci\u00f3n muy econ\u00f3mica, porque ya no se necesita infraestructura, mantenimiento o software para tu Backup \u2013 todo est\u00e1 incluido a un precio bajo mensual. Pru\u00e9balo hoy \u2013 &hellip; <a href=\"http:\/\/www.cryptobackup.es\/\" class=\"more-link\"><span class=\"screen-reader-text\">INICIO<\/span> weiterlesen <span class=\"meta-nav\">&rarr;<\/span><\/a><\/p>\n","protected":false},"author":1,"featured_media":0,"parent":0,"menu_order":0,"comment_status":"closed","ping_status":"open","template":"","meta":{"footnotes":""},"class_list":["post-10","page","type-page","status-publish","hentry"],"_links":{"self":[{"href":"http:\/\/www.cryptobackup.es\/index.php?rest_route=\/wp\/v2\/pages\/10","targetHints":{"allow":["GET"]}}],"collection":[{"href":"http:\/\/www.cryptobackup.es\/index.php?rest_route=\/wp\/v2\/pages"}],"about":[{"href":"http:\/\/www.cryptobackup.es\/index.php?rest_route=\/wp\/v2\/types\/page"}],"author":[{"embeddable":true,"href":"http:\/\/www.cryptobackup.es\/index.php?rest_route=\/wp\/v2\/users\/1"}],"replies":[{"embeddable":true,"href":"http:\/\/www.cryptobackup.es\/index.php?rest_route=%2Fwp%2Fv2%2Fcomments&post=10"}],"version-history":[{"count":4,"href":"http:\/\/www.cryptobackup.es\/index.php?rest_route=\/wp\/v2\/pages\/10\/revisions"}],"predecessor-version":[{"id":45,"href":"http:\/\/www.cryptobackup.es\/index.php?rest_route=\/wp\/v2\/pages\/10\/revisions\/45"}],"wp:attachment":[{"href":"http:\/\/www.cryptobackup.es\/index.php?rest_route=%2Fwp%2Fv2%2Fmedia&parent=10"}],"curies":[{"name":"wp","href":"https:\/\/api.w.org\/{rel}","templated":true}]}}